{"id":17,"date":"2020-01-02T15:04:55","date_gmt":"2020-01-02T15:04:55","guid":{"rendered":"https:\/\/f\u00fcess.li\/wordpress\/?page_id=17"},"modified":"2020-01-06T13:20:27","modified_gmt":"2020-01-06T13:20:27","slug":"ueber-mich","status":"publish","type":"page","link":"https:\/\/f\u00fcess.li\/?page_id=17","title":{"rendered":"\u00dcber mich"},"content":{"rendered":"\n<p class=\"has-medium-font-size\">Ich besch\u00e4ftige mich seit langen mit Wegen zur Erholung von K\u00f6rper und Geist. Die Hektik und die Anforderungen aus unserem Alltag lassen immer mehr Menschen sich von der eigenen Erholung und dem Wohlbefinden entfernen. Dank meinen verschiedenen M\u00f6glichkeiten auf Ihre W\u00fcnsche und Bed\u00fcrfnisse einzugehen, kommen Sie zur angepassten puren Entspannung. W\u00e4hlen Sie aus Ihrer Erfahrung oder lassen Sie uns gemeinsam den idealen Weg zu Ihrer pers\u00f6nlichen Entspannung finden. <br> Sch\u00f6n sind Sie da, Ihre Regula Buri<\/p>\n","protected":false},"excerpt":{"rendered":"<p>Ich besch\u00e4ftige mich seit langen mit Wegen zur Erholung von K\u00f6rper und Geist. Die Hektik und die Anforderungen aus unserem Alltag lassen immer mehr Menschen sich von der eigenen Erholung und dem Wohlbefinden entfernen. Dank meinen verschiedenen M\u00f6glichkeiten auf Ihre W\u00fcnsche und Bed\u00fcrfnisse einzugehen, kommen Sie zur angepassten puren Entspannung. [&hellip;]<\/p>\n","protected":false},"author":1,"featured_media":0,"parent":0,"menu_order":0,"comment_status":"closed","ping_status":"closed","template":"","meta":[],"_links":{"self":[{"href":"https:\/\/f\u00fcess.li\/index.php?rest_route=\/wp\/v2\/pages\/17"}],"collection":[{"href":"https:\/\/f\u00fcess.li\/index.php?rest_route=\/wp\/v2\/pages"}],"about":[{"href":"https:\/\/f\u00fcess.li\/index.php?rest_route=\/wp\/v2\/types\/page"}],"author":[{"embeddable":true,"href":"https:\/\/f\u00fcess.li\/index.php?rest_route=\/wp\/v2\/users\/1"}],"replies":[{"embeddable":true,"href":"https:\/\/f\u00fcess.li\/index.php?rest_route=%2Fwp%2Fv2%2Fcomments&post=17"}],"version-history":[{"count":4,"href":"https:\/\/f\u00fcess.li\/index.php?rest_route=\/wp\/v2\/pages\/17\/revisions"}],"predecessor-version":[{"id":75,"href":"https:\/\/f\u00fcess.li\/index.php?rest_route=\/wp\/v2\/pages\/17\/revisions\/75"}],"wp:attachment":[{"href":"https:\/\/f\u00fcess.li\/index.php?rest_route=%2Fwp%2Fv2%2Fmedia&parent=17"}],"curies":[{"name":"wp","href":"https:\/\/api.w.org\/{rel}","templated":true}]}}