{"id":19,"date":"2020-01-02T15:03:46","date_gmt":"2020-01-02T15:03:46","guid":{"rendered":"https:\/\/f\u00fcess.li\/wordpress\/?page_id=19"},"modified":"2020-09-30T14:34:01","modified_gmt":"2020-09-30T14:34:01","slug":"kontakt","status":"publish","type":"page","link":"https:\/\/f\u00fcess.li\/?page_id=19","title":{"rendered":"Kontakt"},"content":{"rendered":"\n<p style=\"font-size:30px\" class=\"has-text-align-center\"><strong>Pure Entspannung<br><\/strong>K\u00e4figg\u00e4sschen 8<br>3011 Bern<br><br>info@f\u00fcess.li<br>031 300 81 18<\/p>\n\n\n\n<p style=\"font-size:30px\"><strong>Anfahrt mit \u00d6V:<\/strong><br>Mit der Tramlinie 6, 7, 8 oder 9 ab Bahnhof Bern bis Haltestelle B\u00e4renplatz. Danach gerade durch den Torbogen gehen und scharf rechts abbiegen. Nach ca. 10 Metern ist rechts der Eingang.<\/p>\n\n\n\n<div style=\"height:100px\" aria-hidden=\"true\" class=\"wp-block-spacer\"><\/div>\n\n\n\n<iframe src=\"https:\/\/www.google.com\/maps\/embed?pb=!1m18!1m12!1m3!1d2723.7004712538132!2d7.441844015607778!3d46.94792577914652!2m3!1f0!2f0!3f0!3m2!1i1024!2i768!4f13.1!3m3!1m2!1s0x478e39c733154003%3A0x3a7d1ccca7fd5692!2sK%C3%A4figg%C3%A4sschen%208%2C%203011%20Bern!5e0!3m2!1sde!2sch!4v1578320857952!5m2!1sde!2sch\" width=\"600\" height=\"450\" frameborder=\"0\" style=\"border:0;\" allowfullscreen=\"\"><\/iframe>\n","protected":false},"excerpt":{"rendered":"<p>Pure EntspannungK\u00e4figg\u00e4sschen 83011 Bern info@f\u00fcess.li031 300 81 18 Anfahrt mit \u00d6V:Mit der Tramlinie 6, 7, 8 oder 9 ab Bahnhof Bern bis Haltestelle B\u00e4renplatz. Danach gerade durch den Torbogen gehen und scharf rechts abbiegen. Nach ca. 10 Metern ist rechts der Eingang.<\/p>\n","protected":false},"author":1,"featured_media":0,"parent":0,"menu_order":0,"comment_status":"closed","ping_status":"closed","template":"","meta":[],"_links":{"self":[{"href":"https:\/\/f\u00fcess.li\/index.php?rest_route=\/wp\/v2\/pages\/19"}],"collection":[{"href":"https:\/\/f\u00fcess.li\/index.php?rest_route=\/wp\/v2\/pages"}],"about":[{"href":"https:\/\/f\u00fcess.li\/index.php?rest_route=\/wp\/v2\/types\/page"}],"author":[{"embeddable":true,"href":"https:\/\/f\u00fcess.li\/index.php?rest_route=\/wp\/v2\/users\/1"}],"replies":[{"embeddable":true,"href":"https:\/\/f\u00fcess.li\/index.php?rest_route=%2Fwp%2Fv2%2Fcomments&post=19"}],"version-history":[{"count":4,"href":"https:\/\/f\u00fcess.li\/index.php?rest_route=\/wp\/v2\/pages\/19\/revisions"}],"predecessor-version":[{"id":91,"href":"https:\/\/f\u00fcess.li\/index.php?rest_route=\/wp\/v2\/pages\/19\/revisions\/91"}],"wp:attachment":[{"href":"https:\/\/f\u00fcess.li\/index.php?rest_route=%2Fwp%2Fv2%2Fmedia&parent=19"}],"curies":[{"name":"wp","href":"https:\/\/api.w.org\/{rel}","templated":true}]}}