{"id":2,"date":"2020-01-02T14:13:00","date_gmt":"2020-01-02T14:13:00","guid":{"rendered":"http:\/\/xn--fess-0ra.li\/wordpress\/?page_id=2"},"modified":"2020-05-13T08:24:13","modified_gmt":"2020-05-13T08:24:13","slug":"sample-page","status":"publish","type":"page","link":"https:\/\/f\u00fcess.li\/","title":{"rendered":"Willkommen bei Pure Entspannung"},"content":{"rendered":"\n<blockquote class=\"wp-block-quote\"><p>\u201eEs gibt nichts, was ich haben muss, nichts was ich tun muss, und nichts was ich sein muss, ausser genau das, was ich im Moment bin.\u201c <\/p><cite> Neale Donald Walisch <\/cite><\/blockquote>\n\n\n\n<p style=\"padding-left: 25px;\">Ich besch\u00e4ftige mich seit langen mit Wegen zur Erholung von K\u00f6rper und Geist. Die Hektik und die Anforderungen aus unserem Alltag lassen immer mehr Menschen sich von der eigenen Erholung und dem Wohlbefinden entfernen. Dank meinen verschiedenen M\u00f6glichkeiten auf Ihre W\u00fcnsche und Bed\u00fcrfnisse einzugehen, kommen Sie zur angepassten puren Entspannung. W\u00e4hlen Sie aus Ihrer Erfahrung oder lassen Sie uns gemeinsam den idealen Weg zu Ihrer pers\u00f6nlichen Entspannung finden. <br> Sch\u00f6n sind Sie da, Ihre Regula Buri<\/p>\n\n\n\n<p style=\"padding-left: 25px;\">Lorem ipsum dolor sit amet, consetetur sadipscing elitr, sed diam nonumy eirmod tempor invidunt ut labore et dolore magna aliquyam erat, sed diam voluptua. At vero eos et accusam et justo duo dolores et ea rebum.<\/p>\n","protected":false},"excerpt":{"rendered":"<p>\u201eEs gibt nichts, was ich haben muss, nichts was ich tun muss, und nichts was ich sein muss, ausser genau das, was ich im Moment bin.\u201c Neale Donald Walisch Ich besch\u00e4ftige mich seit langen mit Wegen zur Erholung von K\u00f6rper und Geist. Die Hektik und die Anforderungen aus unserem Alltag [&hellip;]<\/p>\n","protected":false},"author":1,"featured_media":0,"parent":0,"menu_order":0,"comment_status":"closed","ping_status":"closed","template":"","meta":[],"_links":{"self":[{"href":"https:\/\/f\u00fcess.li\/index.php?rest_route=\/wp\/v2\/pages\/2"}],"collection":[{"href":"https:\/\/f\u00fcess.li\/index.php?rest_route=\/wp\/v2\/pages"}],"about":[{"href":"https:\/\/f\u00fcess.li\/index.php?rest_route=\/wp\/v2\/types\/page"}],"author":[{"embeddable":true,"href":"https:\/\/f\u00fcess.li\/index.php?rest_route=\/wp\/v2\/users\/1"}],"replies":[{"embeddable":true,"href":"https:\/\/f\u00fcess.li\/index.php?rest_route=%2Fwp%2Fv2%2Fcomments&post=2"}],"version-history":[{"count":7,"href":"https:\/\/f\u00fcess.li\/index.php?rest_route=\/wp\/v2\/pages\/2\/revisions"}],"predecessor-version":[{"id":64,"href":"https:\/\/f\u00fcess.li\/index.php?rest_route=\/wp\/v2\/pages\/2\/revisions\/64"}],"wp:attachment":[{"href":"https:\/\/f\u00fcess.li\/index.php?rest_route=%2Fwp%2Fv2%2Fmedia&parent=2"}],"curies":[{"name":"wp","href":"https:\/\/api.w.org\/{rel}","templated":true}]}}